{"id":2,"date":"2017-02-11T09:37:14","date_gmt":"2017-02-11T09:37:14","guid":{"rendered":"http:\/\/www.bioscan.dk\/?page_id=2"},"modified":"2017-02-13T19:38:02","modified_gmt":"2017-02-13T19:38:02","slug":"about","status":"publish","type":"page","link":"https:\/\/www.bioscan.dk\/?page_id=2","title":{"rendered":"Om bloggen"},"content":{"rendered":"<p>Denne blog vil fokusere p\u00e5 biologi og \u00f8ko venlige produkter, der bidrager til milj\u00f8et og naturen. Im en person, der elsker naturen og vil skrive interessante artikler, n\u00e5r jeg finde tid til at g\u00f8re det. Du er velkommen til at kontakte mig, hvis du har sp\u00f8rgsm\u00e5l om bloggen generelt.<\/p>\n","protected":false},"excerpt":{"rendered":"<p>Denne blog vil fokusere p\u00e5 biologi og \u00f8ko venlige produkter, der bidrager til milj\u00f8et og naturen. Im en person, der elsker naturen og vil skrive interessante artikler, n\u00e5r jeg finde tid til at g\u00f8re det. Du er velkommen til at kontakte mig, hvis du har sp\u00f8rgsm\u00e5l om bloggen generelt.<\/p>\n","protected":false},"author":1,"featured_media":0,"parent":0,"menu_order":0,"comment_status":"open","ping_status":"open","template":"","meta":{"footnotes":""},"_links":{"self":[{"href":"https:\/\/www.bioscan.dk\/index.php?rest_route=\/wp\/v2\/pages\/2"}],"collection":[{"href":"https:\/\/www.bioscan.dk\/index.php?rest_route=\/wp\/v2\/pages"}],"about":[{"href":"https:\/\/www.bioscan.dk\/index.php?rest_route=\/wp\/v2\/types\/page"}],"author":[{"embeddable":true,"href":"https:\/\/www.bioscan.dk\/index.php?rest_route=\/wp\/v2\/users\/1"}],"replies":[{"embeddable":true,"href":"https:\/\/www.bioscan.dk\/index.php?rest_route=%2Fwp%2Fv2%2Fcomments&post=2"}],"version-history":[{"count":2,"href":"https:\/\/www.bioscan.dk\/index.php?rest_route=\/wp\/v2\/pages\/2\/revisions"}],"predecessor-version":[{"id":4,"href":"https:\/\/www.bioscan.dk\/index.php?rest_route=\/wp\/v2\/pages\/2\/revisions\/4"}],"wp:attachment":[{"href":"https:\/\/www.bioscan.dk\/index.php?rest_route=%2Fwp%2Fv2%2Fmedia&parent=2"}],"curies":[{"name":"wp","href":"https:\/\/api.w.org\/{rel}","templated":true}]}}